{"id":494,"date":"2014-04-17T15:26:19","date_gmt":"2014-04-17T19:26:19","guid":{"rendered":"http:\/\/info-immobilier.ca\/?page_id=494"},"modified":"2014-04-17T15:26:19","modified_gmt":"2014-04-17T19:26:19","slug":"details-des-proprietes","status":"publish","type":"page","link":"https:\/\/myimmobilier.ca\/en\/details-des-proprietes\/","title":{"rendered":"(Fran\u00e7ais) D\u00e9tails des propri\u00e9t\u00e9s"},"content":{"rendered":"<p>&nbsp;<\/p>\n<p><\/p>","protected":false},"excerpt":{"rendered":"<p>&nbsp;<\/p>\n","protected":false},"author":121,"featured_media":0,"parent":0,"menu_order":0,"comment_status":"open","ping_status":"open","template":"listing-templates\/listings_details.php","meta":{"_acf_changed":false,"footnotes":""},"class_list":["post-494","page","type-page","status-publish","hentry"],"acf":[],"yoast_head":"<!-- This site is optimized with the Yoast SEO plugin v26.7 - https:\/\/yoast.com\/wordpress\/plugins\/seo\/ -->\n<title>D\u00e9tails des propri\u00e9t\u00e9s - Yvanho\u00e9 Masse - Real Estate Broker<\/title>\n<meta name=\"robots\" content=\"index, follow, max-snippet:-1, max-image-preview:large, max-video-preview:-1\" \/>\n<link rel=\"canonical\" href=\"https:\/\/myimmobilier.ca\/details-des-proprietes\/\" \/>\n<meta property=\"og:locale\" content=\"en_US\" \/>\n<meta property=\"og:type\" content=\"article\" \/>\n<meta property=\"og:title\" content=\"D\u00e9tails des propri\u00e9t\u00e9s - Yvanho\u00e9 Masse - Real Estate Broker\" \/>\n<meta property=\"og:description\" content=\"&nbsp;\" \/>\n<meta property=\"og:url\" content=\"https:\/\/myimmobilier.ca\/details-des-proprietes\/\" \/>\n<meta property=\"og:site_name\" content=\"Yvanho\u00e9 Masse - Real Estate Broker\" \/>\n<meta property=\"article:publisher\" content=\"https:\/\/www.facebook.com\/YvanhoeMasseAgentimmobilier\/\" \/>\n<meta name=\"twitter:card\" content=\"summary_large_image\" \/>\n<meta name=\"twitter:site\" content=\"@YvanhoeMasse\" \/>\n<script type=\"application\/ld+json\" class=\"yoast-schema-graph\">{\"@context\":\"https:\/\/schema.org\",\"@graph\":[{\"@type\":\"WebPage\",\"@id\":\"https:\/\/myimmobilier.ca\/details-des-proprietes\/\",\"url\":\"https:\/\/myimmobilier.ca\/details-des-proprietes\/\",\"name\":\"D\u00e9tails des propri\u00e9t\u00e9s - Yvanho\u00e9 Masse - Real Estate Broker\",\"isPartOf\":{\"@id\":\"https:\/\/myimmobilier.ca\/en\/#website\"},\"datePublished\":\"2014-04-17T19:26:19+00:00\",\"breadcrumb\":{\"@id\":\"https:\/\/myimmobilier.ca\/details-des-proprietes\/#breadcrumb\"},\"inLanguage\":\"en-US\",\"potentialAction\":[{\"@type\":\"ReadAction\",\"target\":[\"https:\/\/myimmobilier.ca\/details-des-proprietes\/\"]}]},{\"@type\":\"BreadcrumbList\",\"@id\":\"https:\/\/myimmobilier.ca\/details-des-proprietes\/#breadcrumb\",\"itemListElement\":[{\"@type\":\"ListItem\",\"position\":1,\"name\":\"Accueil\",\"item\":\"https:\/\/myimmobilier.ca\/en\/\"},{\"@type\":\"ListItem\",\"position\":2,\"name\":\"D\u00e9tails des propri\u00e9t\u00e9s\"}]},{\"@type\":\"WebSite\",\"@id\":\"https:\/\/myimmobilier.ca\/en\/#website\",\"url\":\"https:\/\/myimmobilier.ca\/en\/\",\"name\":\"Yvanho\u00e9 Masse - Real Estate Broker\",\"description\":\"Un site utilisant R\u00e9seau Aliquando\",\"potentialAction\":[{\"@type\":\"SearchAction\",\"target\":{\"@type\":\"EntryPoint\",\"urlTemplate\":\"https:\/\/myimmobilier.ca\/en\/?s={search_term_string}\"},\"query-input\":{\"@type\":\"PropertyValueSpecification\",\"valueRequired\":true,\"valueName\":\"search_term_string\"}}],\"inLanguage\":\"en-US\"}]}<\/script>\n<!-- \/ Yoast SEO plugin. -->","yoast_head_json":{"title":"D\u00e9tails des propri\u00e9t\u00e9s - Yvanho\u00e9 Masse - Real Estate Broker","robots":{"index":"index","follow":"follow","max-snippet":"max-snippet:-1","max-image-preview":"max-image-preview:large","max-video-preview":"max-video-preview:-1"},"canonical":"https:\/\/myimmobilier.ca\/details-des-proprietes\/","og_locale":"en_US","og_type":"article","og_title":"D\u00e9tails des propri\u00e9t\u00e9s - Yvanho\u00e9 Masse - Real Estate Broker","og_description":"&nbsp;","og_url":"https:\/\/myimmobilier.ca\/details-des-proprietes\/","og_site_name":"Yvanho\u00e9 Masse - Real Estate Broker","article_publisher":"https:\/\/www.facebook.com\/YvanhoeMasseAgentimmobilier\/","twitter_card":"summary_large_image","twitter_site":"@YvanhoeMasse","schema":{"@context":"https:\/\/schema.org","@graph":[{"@type":"WebPage","@id":"https:\/\/myimmobilier.ca\/details-des-proprietes\/","url":"https:\/\/myimmobilier.ca\/details-des-proprietes\/","name":"D\u00e9tails des propri\u00e9t\u00e9s - Yvanho\u00e9 Masse - Real Estate Broker","isPartOf":{"@id":"https:\/\/myimmobilier.ca\/en\/#website"},"datePublished":"2014-04-17T19:26:19+00:00","breadcrumb":{"@id":"https:\/\/myimmobilier.ca\/details-des-proprietes\/#breadcrumb"},"inLanguage":"en-US","potentialAction":[{"@type":"ReadAction","target":["https:\/\/myimmobilier.ca\/details-des-proprietes\/"]}]},{"@type":"BreadcrumbList","@id":"https:\/\/myimmobilier.ca\/details-des-proprietes\/#breadcrumb","itemListElement":[{"@type":"ListItem","position":1,"name":"Accueil","item":"https:\/\/myimmobilier.ca\/en\/"},{"@type":"ListItem","position":2,"name":"D\u00e9tails des propri\u00e9t\u00e9s"}]},{"@type":"WebSite","@id":"https:\/\/myimmobilier.ca\/en\/#website","url":"https:\/\/myimmobilier.ca\/en\/","name":"Yvanho\u00e9 Masse - Real Estate Broker","description":"Un site utilisant R\u00e9seau Aliquando","potentialAction":[{"@type":"SearchAction","target":{"@type":"EntryPoint","urlTemplate":"https:\/\/myimmobilier.ca\/en\/?s={search_term_string}"},"query-input":{"@type":"PropertyValueSpecification","valueRequired":true,"valueName":"search_term_string"}}],"inLanguage":"en-US"}]}},"_links":{"self":[{"href":"https:\/\/myimmobilier.ca\/en\/wp-json\/wp\/v2\/pages\/494","targetHints":{"allow":["GET"]}}],"collection":[{"href":"https:\/\/myimmobilier.ca\/en\/wp-json\/wp\/v2\/pages"}],"about":[{"href":"https:\/\/myimmobilier.ca\/en\/wp-json\/wp\/v2\/types\/page"}],"author":[{"embeddable":true,"href":"https:\/\/myimmobilier.ca\/en\/wp-json\/wp\/v2\/users\/121"}],"replies":[{"embeddable":true,"href":"https:\/\/myimmobilier.ca\/en\/wp-json\/wp\/v2\/comments?post=494"}],"version-history":[{"count":0,"href":"https:\/\/myimmobilier.ca\/en\/wp-json\/wp\/v2\/pages\/494\/revisions"}],"wp:attachment":[{"href":"https:\/\/myimmobilier.ca\/en\/wp-json\/wp\/v2\/media?parent=494"}],"curies":[{"name":"wp","href":"https:\/\/api.w.org\/{rel}","templated":true}]}}